{"id":505,"date":"2015-07-03T19:01:18","date_gmt":"2015-07-03T19:01:18","guid":{"rendered":"https:\/\/calima.com.uy\/web\/?page_id=505"},"modified":"2024-01-08T10:30:26","modified_gmt":"2024-01-08T10:30:26","slug":"principios-y-valores","status":"publish","type":"page","link":"https:\/\/calima.com.uy\/web\/?page_id=505","title":{"rendered":"Valores y Principios Cooperativos"},"content":{"rendered":"\t\t<div data-elementor-type=\"wp-page\" data-elementor-id=\"505\" class=\"elementor elementor-505\">\n\t\t\t\t<div class=\"elementor-element elementor-element-135a79e e-flex e-con-boxed e-con e-parent\" data-id=\"135a79e\" data-element_type=\"container\" data-e-type=\"container\">\n\t\t\t\t\t<div class=\"e-con-inner\">\n\t\t\t\t<div class=\"elementor-element elementor-element-b509e9a elementor-widget elementor-widget-spacer\" data-id=\"b509e9a\" data-element_type=\"widget\" data-e-type=\"widget\" data-widget_type=\"spacer.default\">\n\t\t\t\t<div class=\"elementor-widget-container\">\n\t\t\t\t\t\t\t<div class=\"elementor-spacer\">\n\t\t\t<div class=\"elementor-spacer-inner\"><\/div>\n\t\t<\/div>\n\t\t\t\t\t\t<\/div>\n\t\t\t\t<\/div>\n\t\t\t\t\t<\/div>\n\t\t\t\t<\/div>\n\t\t<div class=\"elementor-element elementor-element-31c42f98 e-flex e-con-boxed e-con e-parent\" data-id=\"31c42f98\" data-element_type=\"container\" data-e-type=\"container\">\n\t\t\t\t\t<div class=\"e-con-inner\">\n\t\t\t\t<div class=\"elementor-element elementor-element-314a6c51 elementor-widget elementor-widget-text-editor\" data-id=\"314a6c51\" data-element_type=\"widget\" data-e-type=\"widget\" data-widget_type=\"text-editor.default\">\n\t\t\t\t<div class=\"elementor-widget-container\">\n\t\t\t\t\t\t\t\t\t\n<h3 class=\"wp-block-heading\"><strong>VALORES COOPERATIVOS<\/strong><\/h3>\n\n\n\n<p>Las cooperativas se basan en los valores de ayuda mutua, responsabilidad, democracia, igualdad, equidad y solidaridad. Siguiendo la tradici\u00f3n de sus fundadores sus miembros creen en los valores \u00e9ticos de honestidad, transparencia, responsabilidad social y preocupaci\u00f3n por los dem\u00e1s.<\/p>\n\n\n\n<div style=\"height:19px\" aria-hidden=\"true\" class=\"wp-block-spacer\"><\/div>\n\n\n\n<h3 class=\"wp-block-heading\"><strong>PRINCIPIOS COOPERATIVOS<\/strong><\/h3>\n\n\n\n<p><strong>Primer Principio: Membres\u00eda abierta y voluntaria<\/strong><\/p>\n\n\n\n<div style=\"height:19px\" aria-hidden=\"true\" class=\"wp-block-spacer\"><\/div>\n\n\n\n<p>Las cooperativas son organizaciones voluntarias abiertas para todas aquellas personas dispuestas a utilizar sus servicios y dispuestas a aceptar las responsabilidades que conlleva la membres\u00eda sin discriminaci\u00f3n de g\u00e9nero, raza, clase social, posici\u00f3n pol\u00edtica o religiosa.<\/p>\n\n\n\n<div style=\"height:19px\" aria-hidden=\"true\" class=\"wp-block-spacer\"><\/div>\n\n\n\n<p><strong>Segundo Principio: Control democr\u00e1tico de los miembros<\/strong><\/p>\n\n\n\n<div style=\"height:19px\" aria-hidden=\"true\" class=\"wp-block-spacer\"><\/div>\n\n\n\n<p>Las cooperativas son organizaciones democr\u00e1ticas controladas por sus miembros quienes participan activamente en la definici\u00f3n de las pol\u00edticas y en la toma de decisiones.<\/p>\n\n\n\n<p>Los hombres y mujeres elegidos para representar a su cooperativa, responden ante los miembros.<\/p>\n\n\n\n<p>En las cooperativas de base los miembros tienen igual derecho de voto (un miembro, un voto), mientras en las cooperativas de otros niveles tambi\u00e9n se organizan con procedimientos democr\u00e1ticos.<\/p>\n\n\n\n<div style=\"height:19px\" aria-hidden=\"true\" class=\"wp-block-spacer\"><\/div>\n\n\n\n<p><strong>Tercer Principio: Participaci\u00f3n econ\u00f3mica de los miembros<\/strong><\/p>\n\n\n\n<div style=\"height:19px\" aria-hidden=\"true\" class=\"wp-block-spacer\"><\/div>\n\n\n\n<p>Los miembros contribuyen de manera equitativa y controlan de manera democr\u00e1tica el capital de la cooperativa. Por lo menos una parte de ese capital es propiedad com\u00fan de la cooperativa.<\/p>\n\n\n\n<p>Usualmente reciben una compensaci\u00f3n limitada, si es que la hay, sobre el capital suscrito como condici\u00f3n de membres\u00eda.<\/p>\n\n\n\n<p>Los miembros asignan excedentes para cualquiera de los siguientes prop\u00f3sitos: El desarrollo de la cooperativa mediante la posible creaci\u00f3n de reservas, de la cual al menos una parte debe ser indivisible; los beneficios para los miembros en proporci\u00f3n con sus transacciones con la cooperativa; y el apoyo a otras actividades seg\u00fan lo apruebe la membres\u00eda.<\/p>\n\n\n\n<div style=\"height:19px\" aria-hidden=\"true\" class=\"wp-block-spacer\"><\/div>\n\n\n\n<p><strong>Cuarto Principio: Autonom\u00eda e independencia<\/strong><\/p>\n\n\n\n<div style=\"height:19px\" aria-hidden=\"true\" class=\"wp-block-spacer\"><\/div>\n\n\n\n<p>Las cooperativas son organizaciones aut\u00f3nomas de ayuda mutua, controladas por sus miembros.<\/p>\n\n\n\n<p>Si entran en acuerdos con otras organizaciones (incluyendo gobiernos) o tienen capital de fuentes externas, lo realizan en t\u00e9rminos que aseguren el control democr\u00e1tico por parte de sus miembros y mantengan la autonom\u00eda de la cooperativa.<\/p>\n\n\n\n<div style=\"height:19px\" aria-hidden=\"true\" class=\"wp-block-spacer\"><\/div>\n\n\n\n<p><strong>Quinto Principio: Educaci\u00f3n, formaci\u00f3n e informaci\u00f3n<\/strong><\/p>\n\n\n\n<div style=\"height:19px\" aria-hidden=\"true\" class=\"wp-block-spacer\"><\/div>\n\n\n\n<p>Las cooperativas brindan educaci\u00f3n y entrenamiento a sus miembros, a sus dirigentes electos, gerentes y empleados, de tal forma que contribuyan eficazmente al desarrollo de sus cooperativas.<\/p>\n\n\n\n<p>Las cooperativas informan al p\u00fablico en general, particularmente a j\u00f3venes y creadores de opini\u00f3n, acerca de la naturaleza y beneficios del cooperativismo.<\/p>\n\n\n\n<div style=\"height:19px\" aria-hidden=\"true\" class=\"wp-block-spacer\"><\/div>\n\n\n\n<p><strong>Sexto Principio: Cooperaci\u00f3n entre cooperativas<\/strong><\/p>\n\n\n\n<div style=\"height:19px\" aria-hidden=\"true\" class=\"wp-block-spacer\"><\/div>\n\n\n\n<p>Las cooperativas sirven a sus miembros m\u00e1s eficazmente y fortalecen el movimiento cooperativo trabajando de manera conjunta por medio de estructuras locales, nacionales, regionales e internacionales.<\/p>\n\n\n\n<div style=\"height:19px\" aria-hidden=\"true\" class=\"wp-block-spacer\"><\/div>\n\n\n\n<p><strong>S\u00e9ptimo Principio: Compromiso con la comunidad<\/strong><\/p>\n\n\n\n<div style=\"height:19px\" aria-hidden=\"true\" class=\"wp-block-spacer\"><\/div>\n\n\n\n<p>La cooperativa trabaja para el desarrollo sostenible de su comunidad por medio de pol\u00edticas aceptadas por sus miembros<\/p>\n\n\n\n<p><\/p>\n\t\t\t\t\t\t\t\t<\/div>\n\t\t\t\t<\/div>\n\t\t\t\t\t<\/div>\n\t\t\t\t<\/div>\n\t\t\t\t<\/div>\n\t\t","protected":false},"excerpt":{"rendered":"<p>VALORES COOPERATIVOS Las cooperativas se basan en los valores de ayuda mutua, responsabilidad, democracia, igualdad, equidad y solidaridad. Siguiendo la tradici\u00f3n de sus fundadores sus miembros creen en los valores \u00e9ticos de honestidad, transparencia, responsabilidad social y preocupaci\u00f3n por los dem\u00e1s. PRINCIPIOS COOPERATIVOS Primer Principio: Membres\u00eda abierta y voluntaria Las cooperativas son organizaciones voluntarias abiertas [&hellip;]<\/p>\n","protected":false},"author":1,"featured_media":0,"parent":2,"menu_order":2,"comment_status":"closed","ping_status":"closed","template":"","meta":{"_monsterinsights_skip_tracking":false,"_monsterinsights_sitenote_active":false,"_monsterinsights_sitenote_note":"","_monsterinsights_sitenote_category":0,"site-sidebar-layout":"default","site-content-layout":"","ast-site-content-layout":"default","site-content-style":"default","site-sidebar-style":"default","ast-global-header-display":"","ast-banner-title-visibility":"","ast-main-header-display":"","ast-hfb-above-header-display":"","ast-hfb-below-header-display":"","ast-hfb-mobile-header-display":"","site-post-title":"","ast-breadcrumbs-content":"","ast-featured-img":"","footer-sml-layout":"","ast-disable-related-posts":"","theme-transparent-header-meta":"","adv-header-id-meta":"","stick-header-meta":"","header-above-stick-meta":"","header-main-stick-meta":"","header-below-stick-meta":"","astra-migrate-meta-layouts":"set","ast-page-background-enabled":"default","ast-page-background-meta":{"desktop":{"background-color":"var(--ast-global-color-4)","background-image":"","background-repeat":"repeat","background-position":"center center","background-size":"auto","background-attachment":"scroll","background-type":"","background-media":"","overlay-type":"","overlay-color":"","overlay-opacity":"","overlay-gradient":""},"tablet":{"background-color":"","background-image":"","background-repeat":"repeat","background-position":"center center","background-size":"auto","background-attachment":"scroll","background-type":"","background-media":"","overlay-type":"","overlay-color":"","overlay-opacity":"","overlay-gradient":""},"mobile":{"background-color":"","background-image":"","background-repeat":"repeat","background-position":"center center","background-size":"auto","background-attachment":"scroll","background-type":"","background-media":"","overlay-type":"","overlay-color":"","overlay-opacity":"","overlay-gradient":""}},"ast-content-background-meta":{"desktop":{"background-color":"var(--ast-global-color-5)","background-image":"","background-repeat":"repeat","background-position":"center center","background-size":"auto","background-attachment":"scroll","background-type":"","background-media":"","overlay-type":"","overlay-color":"","overlay-opacity":"","overlay-gradient":""},"tablet":{"background-color":"var(--ast-global-color-5)","background-image":"","background-repeat":"repeat","background-position":"center center","background-size":"auto","background-attachment":"scroll","background-type":"","background-media":"","overlay-type":"","overlay-color":"","overlay-opacity":"","overlay-gradient":""},"mobile":{"background-color":"var(--ast-global-color-5)","background-image":"","background-repeat":"repeat","background-position":"center center","background-size":"auto","background-attachment":"scroll","background-type":"","background-media":"","overlay-type":"","overlay-color":"","overlay-opacity":"","overlay-gradient":""}},"footnotes":""},"class_list":["post-505","page","type-page","status-publish","hentry"],"_links":{"self":[{"href":"https:\/\/calima.com.uy\/web\/index.php?rest_route=\/wp\/v2\/pages\/505","targetHints":{"allow":["GET"]}}],"collection":[{"href":"https:\/\/calima.com.uy\/web\/index.php?rest_route=\/wp\/v2\/pages"}],"about":[{"href":"https:\/\/calima.com.uy\/web\/index.php?rest_route=\/wp\/v2\/types\/page"}],"author":[{"embeddable":true,"href":"https:\/\/calima.com.uy\/web\/index.php?rest_route=\/wp\/v2\/users\/1"}],"replies":[{"embeddable":true,"href":"https:\/\/calima.com.uy\/web\/index.php?rest_route=%2Fwp%2Fv2%2Fcomments&post=505"}],"version-history":[{"count":14,"href":"https:\/\/calima.com.uy\/web\/index.php?rest_route=\/wp\/v2\/pages\/505\/revisions"}],"predecessor-version":[{"id":7312,"href":"https:\/\/calima.com.uy\/web\/index.php?rest_route=\/wp\/v2\/pages\/505\/revisions\/7312"}],"up":[{"embeddable":true,"href":"https:\/\/calima.com.uy\/web\/index.php?rest_route=\/wp\/v2\/pages\/2"}],"wp:attachment":[{"href":"https:\/\/calima.com.uy\/web\/index.php?rest_route=%2Fwp%2Fv2%2Fmedia&parent=505"}],"curies":[{"name":"wp","href":"https:\/\/api.w.org\/{rel}","templated":true}]}}