{"id":42,"date":"2014-09-08T17:27:03","date_gmt":"2014-09-08T17:27:03","guid":{"rendered":"https:\/\/calima.com.uy\/web\/?page_id=42"},"modified":"2024-01-17T18:56:28","modified_gmt":"2024-01-17T18:56:28","slug":"departamento-veterinario","status":"publish","type":"page","link":"https:\/\/calima.com.uy\/web\/?page_id=42","title":{"rendered":"Departamento Veterinario"},"content":{"rendered":"\t\t<div data-elementor-type=\"wp-page\" data-elementor-id=\"42\" class=\"elementor elementor-42\">\n\t\t\t\t<div class=\"elementor-element elementor-element-524f8e4 e-con-full e-flex e-con e-parent\" data-id=\"524f8e4\" data-element_type=\"container\" data-e-type=\"container\">\n\t\t\t\t<div class=\"elementor-element elementor-element-472629e elementor-widget elementor-widget-image\" data-id=\"472629e\" data-element_type=\"widget\" data-e-type=\"widget\" data-widget_type=\"image.default\">\n\t\t\t\t<div class=\"elementor-widget-container\">\n\t\t\t\t\t\t\t\t\t\t\t\t\t\t\t<img fetchpriority=\"high\" decoding=\"async\" width=\"1400\" height=\"381\" src=\"https:\/\/calima.com.uy\/web\/wp-content\/uploads\/2023\/12\/vete.jpg\" class=\"attachment-full size-full wp-image-6637\" alt=\"\" srcset=\"https:\/\/calima.com.uy\/web\/wp-content\/uploads\/2023\/12\/vete.jpg 1400w, https:\/\/calima.com.uy\/web\/wp-content\/uploads\/2023\/12\/vete-300x82.jpg 300w, https:\/\/calima.com.uy\/web\/wp-content\/uploads\/2023\/12\/vete-1024x279.jpg 1024w, https:\/\/calima.com.uy\/web\/wp-content\/uploads\/2023\/12\/vete-768x209.jpg 768w\" sizes=\"(max-width: 1400px) 100vw, 1400px\" \/>\t\t\t\t\t\t\t\t\t\t\t\t\t\t\t<\/div>\n\t\t\t\t<\/div>\n\t\t\t\t<\/div>\n\t\t<div class=\"elementor-element elementor-element-4432e7dd e-flex e-con-boxed e-con e-parent\" data-id=\"4432e7dd\" data-element_type=\"container\" data-e-type=\"container\">\n\t\t\t\t\t<div class=\"e-con-inner\">\n\t\t\t\t<div class=\"elementor-element elementor-element-73649a1a elementor-widget elementor-widget-text-editor\" data-id=\"73649a1a\" data-element_type=\"widget\" data-e-type=\"widget\" data-widget_type=\"text-editor.default\">\n\t\t\t\t<div class=\"elementor-widget-container\">\n\t\t\t\t\t\t\t\t\t<p><\/p>\n<h3>Asesoramiento veterinario en:<\/h3>\n<p>\u00a0<\/p>\n<p>-Suministro de\u00a0 art\u00edculos y medicamentos.<\/p>\n<p><\/p>\n<p>-\u201cDiagn\u00f3stico de gestaci\u00f3n por ecograf\u00eda\u201d.<\/p>\n<p>-Trazabilidad.<\/p>\n<p><\/p>\n<p>-Coordinar fecha y hora\u00a0 en la cooperativa. Para los socios la tarifa es \u00a0diferenciada.<\/p>\n<p><\/p>\n<p>\u00a0<\/p>\n<p>Consulte con el Dr. Gabriel Barrios 098 441 407 o con\u00a0 Dra. Daniela Silva 099 930 360.<\/p>\n<p><\/p>\n<div class=\"wp-block-spacer\" style=\"height: 59px;\" aria-hidden=\"true\">\u00a0<\/div>\n<p><\/p>\t\t\t\t\t\t\t\t<\/div>\n\t\t\t\t<\/div>\n\t\t\t\t\t<\/div>\n\t\t\t\t<\/div>\n\t\t<div class=\"elementor-element elementor-element-4b91bc4 e-flex e-con-boxed e-con e-parent\" data-id=\"4b91bc4\" data-element_type=\"container\" data-e-type=\"container\">\n\t\t\t\t\t<div class=\"e-con-inner\">\n\t\t<div class=\"elementor-element elementor-element-c3f63cf e-con-full e-flex e-con e-child\" data-id=\"c3f63cf\" data-element_type=\"container\" data-e-type=\"container\">\n\t\t\t\t<div class=\"elementor-element elementor-element-2297f0c elementor-widget elementor-widget-image\" data-id=\"2297f0c\" data-element_type=\"widget\" data-e-type=\"widget\" data-widget_type=\"image.default\">\n\t\t\t\t<div class=\"elementor-widget-container\">\n\t\t\t\t\t\t\t\t\t\t\t\t\t\t\t<img decoding=\"async\" width=\"900\" height=\"506\" src=\"https:\/\/calima.com.uy\/web\/wp-content\/uploads\/2023\/12\/w.jpg\" class=\"attachment-full size-full wp-image-6653\" alt=\"\" srcset=\"https:\/\/calima.com.uy\/web\/wp-content\/uploads\/2023\/12\/w.jpg 900w, https:\/\/calima.com.uy\/web\/wp-content\/uploads\/2023\/12\/w-300x169.jpg 300w, https:\/\/calima.com.uy\/web\/wp-content\/uploads\/2023\/12\/w-768x432.jpg 768w\" sizes=\"(max-width: 900px) 100vw, 900px\" \/>\t\t\t\t\t\t\t\t\t\t\t\t\t\t\t<\/div>\n\t\t\t\t<\/div>\n\t\t\t\t<\/div>\n\t\t<div class=\"elementor-element elementor-element-f920fae e-con-full e-flex e-con e-child\" data-id=\"f920fae\" data-element_type=\"container\" data-e-type=\"container\">\n\t\t\t\t<div class=\"elementor-element elementor-element-8ad93cc elementor-widget elementor-widget-image\" data-id=\"8ad93cc\" data-element_type=\"widget\" data-e-type=\"widget\" data-widget_type=\"image.default\">\n\t\t\t\t<div class=\"elementor-widget-container\">\n\t\t\t\t\t\t\t\t\t\t\t\t\t\t\t<img decoding=\"async\" width=\"900\" height=\"506\" src=\"https:\/\/calima.com.uy\/web\/wp-content\/uploads\/2023\/12\/dto-tecnico.jpg\" class=\"attachment-full size-full wp-image-6643\" alt=\"\" srcset=\"https:\/\/calima.com.uy\/web\/wp-content\/uploads\/2023\/12\/dto-tecnico.jpg 900w, https:\/\/calima.com.uy\/web\/wp-content\/uploads\/2023\/12\/dto-tecnico-300x169.jpg 300w, https:\/\/calima.com.uy\/web\/wp-content\/uploads\/2023\/12\/dto-tecnico-768x432.jpg 768w\" sizes=\"(max-width: 900px) 100vw, 900px\" \/>\t\t\t\t\t\t\t\t\t\t\t\t\t\t\t<\/div>\n\t\t\t\t<\/div>\n\t\t\t\t<\/div>\n\t\t\t\t\t<\/div>\n\t\t\t\t<\/div>\n\t\t\t\t<\/div>\n\t\t","protected":false},"excerpt":{"rendered":"<p>Asesoramiento veterinario en: \u00a0 -Suministro de\u00a0 art\u00edculos y medicamentos. -\u201cDiagn\u00f3stico de gestaci\u00f3n por ecograf\u00eda\u201d. -Trazabilidad. -Coordinar fecha y hora\u00a0 en la cooperativa. Para los socios la tarifa es \u00a0diferenciada. \u00a0 Consulte con el Dr. Gabriel Barrios 098 441 407 o con\u00a0 Dra. Daniela Silva 099 930 360.<\/p>\n","protected":false},"author":1,"featured_media":0,"parent":26,"menu_order":7,"comment_status":"closed","ping_status":"closed","template":"elementor_header_footer","meta":{"_monsterinsights_skip_tracking":false,"_monsterinsights_sitenote_active":false,"_monsterinsights_sitenote_note":"","_monsterinsights_sitenote_category":0,"site-sidebar-layout":"default","site-content-layout":"","ast-site-content-layout":"default","site-content-style":"default","site-sidebar-style":"default","ast-global-header-display":"","ast-banner-title-visibility":"","ast-main-header-display":"","ast-hfb-above-header-display":"","ast-hfb-below-header-display":"","ast-hfb-mobile-header-display":"","site-post-title":"","ast-breadcrumbs-content":"","ast-featured-img":"","footer-sml-layout":"","ast-disable-related-posts":"","theme-transparent-header-meta":"","adv-header-id-meta":"","stick-header-meta":"","header-above-stick-meta":"","header-main-stick-meta":"","header-below-stick-meta":"","astra-migrate-meta-layouts":"set","ast-page-background-enabled":"default","ast-page-background-meta":{"desktop":{"background-color":"var(--ast-global-color-4)","background-image":"","background-repeat":"repeat","background-position":"center center","background-size":"auto","background-attachment":"scroll","background-type":"","background-media":"","overlay-type":"","overlay-color":"","overlay-opacity":"","overlay-gradient":""},"tablet":{"background-color":"","background-image":"","background-repeat":"repeat","background-position":"center center","background-size":"auto","background-attachment":"scroll","background-type":"","background-media":"","overlay-type":"","overlay-color":"","overlay-opacity":"","overlay-gradient":""},"mobile":{"background-color":"","background-image":"","background-repeat":"repeat","background-position":"center center","background-size":"auto","background-attachment":"scroll","background-type":"","background-media":"","overlay-type":"","overlay-color":"","overlay-opacity":"","overlay-gradient":""}},"ast-content-background-meta":{"desktop":{"background-color":"var(--ast-global-color-5)","background-image":"","background-repeat":"repeat","background-position":"center center","background-size":"auto","background-attachment":"scroll","background-type":"","background-media":"","overlay-type":"","overlay-color":"","overlay-opacity":"","overlay-gradient":""},"tablet":{"background-color":"var(--ast-global-color-5)","background-image":"","background-repeat":"repeat","background-position":"center center","background-size":"auto","background-attachment":"scroll","background-type":"","background-media":"","overlay-type":"","overlay-color":"","overlay-opacity":"","overlay-gradient":""},"mobile":{"background-color":"var(--ast-global-color-5)","background-image":"","background-repeat":"repeat","background-position":"center center","background-size":"auto","background-attachment":"scroll","background-type":"","background-media":"","overlay-type":"","overlay-color":"","overlay-opacity":"","overlay-gradient":""}},"footnotes":""},"class_list":["post-42","page","type-page","status-publish","hentry"],"_links":{"self":[{"href":"https:\/\/calima.com.uy\/web\/index.php?rest_route=\/wp\/v2\/pages\/42","targetHints":{"allow":["GET"]}}],"collection":[{"href":"https:\/\/calima.com.uy\/web\/index.php?rest_route=\/wp\/v2\/pages"}],"about":[{"href":"https:\/\/calima.com.uy\/web\/index.php?rest_route=\/wp\/v2\/types\/page"}],"author":[{"embeddable":true,"href":"https:\/\/calima.com.uy\/web\/index.php?rest_route=\/wp\/v2\/users\/1"}],"replies":[{"embeddable":true,"href":"https:\/\/calima.com.uy\/web\/index.php?rest_route=%2Fwp%2Fv2%2Fcomments&post=42"}],"version-history":[{"count":46,"href":"https:\/\/calima.com.uy\/web\/index.php?rest_route=\/wp\/v2\/pages\/42\/revisions"}],"predecessor-version":[{"id":7461,"href":"https:\/\/calima.com.uy\/web\/index.php?rest_route=\/wp\/v2\/pages\/42\/revisions\/7461"}],"up":[{"embeddable":true,"href":"https:\/\/calima.com.uy\/web\/index.php?rest_route=\/wp\/v2\/pages\/26"}],"wp:attachment":[{"href":"https:\/\/calima.com.uy\/web\/index.php?rest_route=%2Fwp%2Fv2%2Fmedia&parent=42"}],"curies":[{"name":"wp","href":"https:\/\/api.w.org\/{rel}","templated":true}]}}