{"id":16,"date":"2014-09-08T17:15:50","date_gmt":"2014-09-08T17:15:50","guid":{"rendered":"https:\/\/calima.com.uy\/web\/?page_id=16"},"modified":"2025-12-31T12:02:57","modified_gmt":"2025-12-31T12:02:57","slug":"autoridades","status":"publish","type":"page","link":"https:\/\/calima.com.uy\/web\/?page_id=16","title":{"rendered":"Autoridades"},"content":{"rendered":"\t\t<div data-elementor-type=\"wp-page\" data-elementor-id=\"16\" class=\"elementor elementor-16\">\n\t\t\t\t<div class=\"elementor-element elementor-element-d4c677 e-con-full e-flex e-con e-parent\" data-id=\"d4c677\" data-element_type=\"container\" data-e-type=\"container\">\n\t\t\t\t<div class=\"elementor-element elementor-element-51424c4b elementor-widget elementor-widget-text-editor\" data-id=\"51424c4b\" data-element_type=\"widget\" data-e-type=\"widget\" data-widget_type=\"text-editor.default\">\n\t\t\t\t<div class=\"elementor-widget-container\">\n\t\t\t\t\t\t\t\t\t<h2>Consejo Directivo Per\u00edodo 2025\/2026<\/h2><p><strong>TITULARES<\/strong><\/p><p><strong>Presidente: <\/strong>\u00a0Prof. Sergio Buonomo<br \/><strong>Vice-Presidente: <\/strong>\u00a0Sr. Guillermo Fern\u00e1ndez<br \/><strong>Secretario:<\/strong> Dr. MV Rodrigo Parada<br \/><strong>Tesorero: <\/strong>Ing. Agr. Carlos Grauert<\/p><p><strong><br \/>VOCALES<\/strong><\/p><p>Sr. Osvaldo Calvette<\/p><p>Sr. H\u00e9ctor Diego Rubio\u00a0<\/p><p>Sr. Pablo Bonilla<\/p><p><strong><br \/>SUPLENTES<\/strong><\/p><p>Sr. Selvio Nicora<\/p><p><span style=\"font-size: 16px; font-style: normal; font-weight: 400;\">Sr. Daniel Nicora<\/span><\/p><p><span style=\"font-size: 16px;\">Sr. Dar\u00edo Fern\u00e1ndez<\/span><\/p><p>Sr. Contardo Cabrera<br \/>Sr. David Fern\u00e1ndez<br \/>Sra. Yazm\u00edn Techera<\/p><p>Sra. Victoria Larrosa<\/p><h2>Comisi\u00f3n Fiscal<\/h2><p><strong>TITULARES<\/strong><\/p><p>Presidente:\u00a0Sr. Rub\u00ed San Mart\u00edn<br \/>Vicepresidente:\u00a0Sr. Jos\u00e9\u00a0Pagola<br \/>Secretario: Esc. Jos\u00e9 Lucero<\/p><p><strong><br \/>SUPLENTES<\/strong><\/p><p>Ing. Agr. Roberto Pereira<br \/>Sra. Lili\u00e1n Gonz\u00e1lez<br \/>Ing. Agr. Fernando Coronel<\/p><h2>Comisi\u00f3n Electoral<\/h2><p><strong>TITULARES<\/strong><\/p><p>Presidente: Sra. Diamela Santana<br \/>Vicepresidente: Sr. Dar\u00edo Larrea<br \/>Secretario:\u00a0Dr. Antonio Lustemberg<\/p><p><strong><br \/>SUPLENTES<\/strong><\/p><p><span style=\"font-size: 16px; font-style: normal; font-weight: 400;\">Sr. Ram\u00f3n Blanco<\/span><\/p><p><span style=\"font-size: 16px; font-style: normal; font-weight: 400;\">Arq. G<\/span><span style=\"font-size: 16px;\">ustavo de Le\u00f3n<\/span><\/p><p>Sra. Susana \u00c1lvarez<\/p>\t\t\t\t\t\t\t\t<\/div>\n\t\t\t\t<\/div>\n\t\t\t\t<\/div>\n\t\t\t\t<\/div>\n\t\t","protected":false},"excerpt":{"rendered":"<p>Consejo Directivo Per\u00edodo 2025\/2026 TITULARES Presidente: \u00a0Prof. Sergio BuonomoVice-Presidente: \u00a0Sr. Guillermo Fern\u00e1ndezSecretario: Dr. MV Rodrigo ParadaTesorero: Ing. Agr. Carlos Grauert VOCALES Sr. Osvaldo Calvette Sr. H\u00e9ctor Diego Rubio\u00a0 Sr. Pablo Bonilla SUPLENTES Sr. Selvio Nicora Sr. Daniel Nicora Sr. Dar\u00edo Fern\u00e1ndez Sr. Contardo CabreraSr. David Fern\u00e1ndezSra. Yazm\u00edn Techera Sra. Victoria Larrosa Comisi\u00f3n Fiscal TITULARES Presidente:\u00a0Sr. [&hellip;]<\/p>\n","protected":false},"author":1,"featured_media":2931,"parent":2,"menu_order":4,"comment_status":"closed","ping_status":"closed","template":"","meta":{"_monsterinsights_skip_tracking":false,"_monsterinsights_sitenote_active":false,"_monsterinsights_sitenote_note":"","_monsterinsights_sitenote_category":0,"site-sidebar-layout":"default","site-content-layout":"","ast-site-content-layout":"default","site-content-style":"default","site-sidebar-style":"default","ast-global-header-display":"","ast-banner-title-visibility":"","ast-main-header-display":"","ast-hfb-above-header-display":"","ast-hfb-below-header-display":"","ast-hfb-mobile-header-display":"","site-post-title":"","ast-breadcrumbs-content":"","ast-featured-img":"","footer-sml-layout":"","ast-disable-related-posts":"","theme-transparent-header-meta":"","adv-header-id-meta":"","stick-header-meta":"","header-above-stick-meta":"","header-main-stick-meta":"","header-below-stick-meta":"","astra-migrate-meta-layouts":"set","ast-page-background-enabled":"default","ast-page-background-meta":{"desktop":{"background-color":"var(--ast-global-color-4)","background-image":"","background-repeat":"repeat","background-position":"center center","background-size":"auto","background-attachment":"scroll","background-type":"","background-media":"","overlay-type":"","overlay-color":"","overlay-opacity":"","overlay-gradient":""},"tablet":{"background-color":"","background-image":"","background-repeat":"repeat","background-position":"center center","background-size":"auto","background-attachment":"scroll","background-type":"","background-media":"","overlay-type":"","overlay-color":"","overlay-opacity":"","overlay-gradient":""},"mobile":{"background-color":"","background-image":"","background-repeat":"repeat","background-position":"center center","background-size":"auto","background-attachment":"scroll","background-type":"","background-media":"","overlay-type":"","overlay-color":"","overlay-opacity":"","overlay-gradient":""}},"ast-content-background-meta":{"desktop":{"background-color":"var(--ast-global-color-5)","background-image":"","background-repeat":"repeat","background-position":"center center","background-size":"auto","background-attachment":"scroll","background-type":"","background-media":"","overlay-type":"","overlay-color":"","overlay-opacity":"","overlay-gradient":""},"tablet":{"background-color":"var(--ast-global-color-5)","background-image":"","background-repeat":"repeat","background-position":"center center","background-size":"auto","background-attachment":"scroll","background-type":"","background-media":"","overlay-type":"","overlay-color":"","overlay-opacity":"","overlay-gradient":""},"mobile":{"background-color":"var(--ast-global-color-5)","background-image":"","background-repeat":"repeat","background-position":"center center","background-size":"auto","background-attachment":"scroll","background-type":"","background-media":"","overlay-type":"","overlay-color":"","overlay-opacity":"","overlay-gradient":""}},"footnotes":""},"class_list":["post-16","page","type-page","status-publish","has-post-thumbnail","hentry"],"_links":{"self":[{"href":"https:\/\/calima.com.uy\/web\/index.php?rest_route=\/wp\/v2\/pages\/16","targetHints":{"allow":["GET"]}}],"collection":[{"href":"https:\/\/calima.com.uy\/web\/index.php?rest_route=\/wp\/v2\/pages"}],"about":[{"href":"https:\/\/calima.com.uy\/web\/index.php?rest_route=\/wp\/v2\/types\/page"}],"author":[{"embeddable":true,"href":"https:\/\/calima.com.uy\/web\/index.php?rest_route=\/wp\/v2\/users\/1"}],"replies":[{"embeddable":true,"href":"https:\/\/calima.com.uy\/web\/index.php?rest_route=%2Fwp%2Fv2%2Fcomments&post=16"}],"version-history":[{"count":241,"href":"https:\/\/calima.com.uy\/web\/index.php?rest_route=\/wp\/v2\/pages\/16\/revisions"}],"predecessor-version":[{"id":8488,"href":"https:\/\/calima.com.uy\/web\/index.php?rest_route=\/wp\/v2\/pages\/16\/revisions\/8488"}],"up":[{"embeddable":true,"href":"https:\/\/calima.com.uy\/web\/index.php?rest_route=\/wp\/v2\/pages\/2"}],"wp:featuredmedia":[{"embeddable":true,"href":"https:\/\/calima.com.uy\/web\/index.php?rest_route=\/wp\/v2\/media\/2931"}],"wp:attachment":[{"href":"https:\/\/calima.com.uy\/web\/index.php?rest_route=%2Fwp%2Fv2%2Fmedia&parent=16"}],"curies":[{"name":"wp","href":"https:\/\/api.w.org\/{rel}","templated":true}]}}